{"id":70,"date":"2021-04-25T09:40:06","date_gmt":"2021-04-25T09:40:06","guid":{"rendered":"http:\/\/s522784910.online.de\/?page_id=70"},"modified":"2022-02-07T19:48:40","modified_gmt":"2022-02-07T19:48:40","slug":"fastnacht","status":"publish","type":"page","link":"https:\/\/atb-heuchelheim.de\/?page_id=70","title":{"rendered":"Fastnacht"},"content":{"rendered":"\n<p>\u200bSchweren Herzens haben wir uns entschieden, alle Aktivit\u00e4ten der Fastnachtsabteilung &#8220;Die Strunzer&#8221; bis auf Weiteres stillzulegen.\u00a0<\/p>\n\n\n\n<p>Wir bedanken uns bei allen Aktiven, G\u00e4sten, Freunden und G\u00f6nnern, die die Strunzer in den letzten Jahrzehnten unterst\u00fctzt und gepr\u00e4gt haben. Wir blicken stolz auf eine erfolgreiche, bewegende, tolle Zeit zur\u00fcck.<\/p>\n\n\n\n<div class=\"wp-block-columns is-layout-flex wp-container-core-columns-is-layout-9d6595d7 wp-block-columns-is-layout-flex\">\n<div class=\"wp-block-column is-layout-flow wp-block-column-is-layout-flow\"><\/div>\n<\/div>\n\n\n\n<p>Zur Seite unserer Musikgruppe &#8220;Elwetritsche&#8221; geht es hier entlang.<\/p>\n\n\n<style>.wp-block-kadence-column.kb-section-dir-horizontal > .kt-inside-inner-col > #kt-info-box_31ed94-33 .kt-blocks-info-box-link-wrap{max-width:unset;}#kt-info-box_31ed94-33 .kt-blocks-info-box-link-wrap{border-color:#040262;border-radius:20px;border-top-width:5px;border-right-width:5px;border-bottom-width:5px;border-left-width:5px;background:#fff;padding-top:24px;padding-right:24px;padding-bottom:24px;padding-left:24px;margin-top:50px;}#kt-info-box_31ed94-33 .kt-blocks-info-box-link-wrap:hover{background:#fff;}#kt-info-box_31ed94-33.wp-block-kadence-infobox{max-width:100%;}#kt-info-box_31ed94-33 .kadence-info-box-image-inner-intrisic-container{max-width:331px;}#kt-info-box_31ed94-33 .kadence-info-box-image-inner-intrisic-container .kadence-info-box-image-intrisic{padding-bottom:37.8987%;width:533px;height:0px;max-width:100%;}#kt-info-box_31ed94-33 .kadence-info-box-icon-container .kt-info-svg-icon, #kt-info-box_31ed94-33 .kt-info-svg-icon-flip, #kt-info-box_31ed94-33 .kt-blocks-info-box-number{font-size:50px;}#kt-info-box_31ed94-33 .kt-blocks-info-box-media{color:#444;background:#ffffff;border-color:#040262;border-radius:200px;overflow:hidden;border-top-width:5px;border-right-width:5px;border-bottom-width:5px;border-left-width:5px;padding-top:30px;padding-right:30px;padding-bottom:30px;padding-left:30px;}#kt-info-box_31ed94-33 .kt-blocks-info-box-media-container{margin-top:-75px;margin-right:0px;margin-bottom:20px;margin-left:0px;}#kt-info-box_31ed94-33 .kt-blocks-info-box-media .kadence-info-box-image-intrisic img{border-radius:200px;}#kt-info-box_31ed94-33 .kt-blocks-info-box-link-wrap:hover .kt-blocks-info-box-media{color:#000;background:#ffffff;border-color:#eeeeee;}#kt-info-box_31ed94-33 .kt-infobox-textcontent h6.kt-blocks-info-box-title{color:#040262;font-size:26px;line-height:25px;font-family:Montserrat;font-style:normal;font-weight:300;padding-top:0px;padding-right:0px;padding-bottom:0px;padding-left:0px;margin-top:5px;margin-right:0px;margin-bottom:10px;margin-left:0px;}#kt-info-box_31ed94-33 .kt-blocks-info-box-link-wrap:hover h6.kt-blocks-info-box-title{color:#000;}#kt-info-box_31ed94-33 .kt-infobox-textcontent .kt-blocks-info-box-text{color:#444;}.wp-block-kadence-infobox#kt-info-box_31ed94-33 .kt-blocks-info-box-text{font-size:16px;line-height:24px;font-family:Montserrat;font-style:normal;font-weight:300;}#kt-info-box_31ed94-33 .kt-blocks-info-box-link-wrap:hover .kt-blocks-info-box-text{color:#000;}#kt-info-box_31ed94-33 .kt-blocks-info-box-learnmore{color:#444;background:transparent;border-color:#444;font-family:Montserrat;font-style:normal;font-weight:300;border-width:1px 0px 0px 0px;padding-top:9px;padding-right:8px;padding-bottom:4px;padding-left:8px;margin-top:15px;margin-right:0px;margin-bottom:10px;margin-left:0px;}#kt-info-box_31ed94-33 .kt-blocks-info-box-link-wrap:hover .kt-blocks-info-box-learnmore,#kt-info-box_31ed94-33 .kt-blocks-info-box-link-wrap .kt-blocks-info-box-learnmore:focus{color:#000;background:#fff;border-color:#000;}<\/style>\n<div id=\"kt-info-box_31ed94-33\" class=\"wp-block-kadence-infobox\"><a class=\"kt-blocks-info-box-link-wrap info-box-link kt-blocks-info-box-media-align-top kt-info-halign-center\" href=\"https:\/\/atb-heuchelheim.de\/?page_id=240\"><div class=\"kt-blocks-info-box-media-container\"><div class=\"kt-blocks-info-box-media kt-info-media-animate-none\"><div class=\"kadence-info-box-image-inner-intrisic-container\"><div class=\"kadence-info-box-image-intrisic kt-info-animate-none\"><div class=\"kadence-info-box-image-inner-intrisic\"><img loading=\"lazy\" decoding=\"async\" src=\"https:\/\/atb-heuchelheim.de\/wp-content\/uploads\/2021\/08\/Logo.png\" alt=\"\" width=\"533\" height=\"202\" class=\"kt-info-box-image wp-image-314\" srcset=\"https:\/\/atb-heuchelheim.de\/wp-content\/uploads\/2021\/08\/Logo.png 533w, https:\/\/atb-heuchelheim.de\/wp-content\/uploads\/2021\/08\/Logo-300x114.png 300w\" sizes=\"auto, (max-width: 533px) 100vw, 533px\" \/><\/div><\/div><\/div><\/div><\/div><div class=\"kt-infobox-textcontent\"><h6 class=\"kt-blocks-info-box-title\"><strong>zur Elwetritsche Seite<\/strong><\/h6><\/div><\/a><\/div>\n\n\n<style>#kt-layout-id_7b62d6-9a > .kt-row-column-wrap{align-content:start;}:where(#kt-layout-id_7b62d6-9a > .kt-row-column-wrap) > .wp-block-kadence-column{justify-content:start;}#kt-layout-id_7b62d6-9a > .kt-row-column-wrap{column-gap:var(--global-kb-gap-md, 2rem);row-gap:var(--global-kb-gap-md, 2rem);max-width:1140px;margin-left:auto;margin-right:auto;padding-top:var( --global-kb-row-default-top, 25px );padding-bottom:var( --global-kb-row-default-bottom, 25px );padding-top:13px;padding-bottom:85px;grid-template-columns:repeat(2, minmax(0, 1fr));}#kt-layout-id_7b62d6-9a > .kt-row-layout-overlay{opacity:0.30;}@media all and (max-width: 1024px){#kt-layout-id_7b62d6-9a > .kt-row-column-wrap{grid-template-columns:repeat(2, minmax(0, 1fr));}}@media all and (max-width: 767px){#kt-layout-id_7b62d6-9a > .kt-row-column-wrap{grid-template-columns:minmax(0, 1fr);}}<\/style>\n<div class=\"wp-block-kadence-rowlayout alignfull\"><div id=\"kt-layout-id_7b62d6-9a\" class=\"kt-row-layout-inner kt-row-has-bg kt-layout-id_7b62d6-9a has-white-background-color\"><div class=\"kt-row-column-wrap kt-has-2-columns kt-gutter-default kt-v-gutter-default kt-row-valign-top kt-row-layout-equal kt-tab-layout-inherit kt-m-colapse-left-to-right kt-mobile-layout-row\"><style>.kadence-column_4ac418-1a > .kt-inside-inner-col{border-top-width:0px;border-right-width:0px;border-bottom-width:0px;border-left-width:0px;}.kadence-column_4ac418-1a > .kt-inside-inner-col,.kadence-column_4ac418-1a > .kt-inside-inner-col:before{border-top-left-radius:0px;border-top-right-radius:0px;border-bottom-right-radius:0px;border-bottom-left-radius:0px;}.kadence-column_4ac418-1a > .kt-inside-inner-col{column-gap:var(--global-kb-gap-sm, 1rem);}.kadence-column_4ac418-1a > .kt-inside-inner-col{flex-direction:column;}.kadence-column_4ac418-1a > .kt-inside-inner-col > .aligncenter{width:100%;}.kadence-column_4ac418-1a > .kt-inside-inner-col:before{opacity:0.3;}.kadence-column_4ac418-1a{position:relative;}@media all and (max-width: 1024px){.kadence-column_4ac418-1a > .kt-inside-inner-col{flex-direction:column;justify-content:center;}}@media all and (max-width: 767px){.kadence-column_4ac418-1a > .kt-inside-inner-col{flex-direction:column;justify-content:center;}}<\/style>\n<div class=\"wp-block-kadence-column inner-column-1 kadence-column_4ac418-1a\"><div class=\"kt-inside-inner-col\"><\/div><\/div>\n\n\n<style>.kadence-column_27e9ba-88 > .kt-inside-inner-col{border-top-width:0px;border-right-width:0px;border-bottom-width:0px;border-left-width:0px;}.kadence-column_27e9ba-88 > .kt-inside-inner-col,.kadence-column_27e9ba-88 > .kt-inside-inner-col:before{border-top-left-radius:0px;border-top-right-radius:0px;border-bottom-right-radius:0px;border-bottom-left-radius:0px;}.kadence-column_27e9ba-88 > .kt-inside-inner-col{column-gap:var(--global-kb-gap-sm, 1rem);}.kadence-column_27e9ba-88 > .kt-inside-inner-col{flex-direction:column;}.kadence-column_27e9ba-88 > .kt-inside-inner-col > .aligncenter{width:100%;}.kadence-column_27e9ba-88 > .kt-inside-inner-col:before{opacity:0.3;}.kadence-column_27e9ba-88{position:relative;}@media all and (max-width: 1024px){.kadence-column_27e9ba-88 > .kt-inside-inner-col{flex-direction:column;justify-content:center;}}@media all and (max-width: 767px){.kadence-column_27e9ba-88 > .kt-inside-inner-col{flex-direction:column;justify-content:center;}}<\/style>\n<div class=\"wp-block-kadence-column inner-column-2 kadence-column_27e9ba-88\"><div class=\"kt-inside-inner-col\"><\/div><\/div>\n<\/div><\/div><\/div>\n","protected":false},"excerpt":{"rendered":"<p>\u200bSchweren Herzens haben wir uns entschieden, alle Aktivit\u00e4ten der Fastnachtsabteilung &#8220;Die Strunzer&#8221; bis auf Weiteres stillzulegen.\u00a0 Wir bedanken uns bei allen Aktiven, G\u00e4sten, Freunden und G\u00f6nnern, die die Strunzer in den letzten Jahrzehnten unterst\u00fctzt und gepr\u00e4gt haben. Wir blicken stolz auf eine erfolgreiche, bewegende, tolle Zeit zur\u00fcck. Zur Seite unserer Musikgruppe &#8220;Elwetritsche&#8221; geht es hier&#8230;<\/p>\n","protected":false},"author":1,"featured_media":0,"parent":45,"menu_order":5,"comment_status":"closed","ping_status":"closed","template":"templates\/full-width.php","meta":{"ngg_post_thumbnail":0,"footnotes":""},"class_list":["post-70","page","type-page","status-publish","hentry"],"_links":{"self":[{"href":"https:\/\/atb-heuchelheim.de\/index.php?rest_route=\/wp\/v2\/pages\/70","targetHints":{"allow":["GET"]}}],"collection":[{"href":"https:\/\/atb-heuchelheim.de\/index.php?rest_route=\/wp\/v2\/pages"}],"about":[{"href":"https:\/\/atb-heuchelheim.de\/index.php?rest_route=\/wp\/v2\/types\/page"}],"author":[{"embeddable":true,"href":"https:\/\/atb-heuchelheim.de\/index.php?rest_route=\/wp\/v2\/users\/1"}],"replies":[{"embeddable":true,"href":"https:\/\/atb-heuchelheim.de\/index.php?rest_route=%2Fwp%2Fv2%2Fcomments&post=70"}],"version-history":[{"count":6,"href":"https:\/\/atb-heuchelheim.de\/index.php?rest_route=\/wp\/v2\/pages\/70\/revisions"}],"predecessor-version":[{"id":348,"href":"https:\/\/atb-heuchelheim.de\/index.php?rest_route=\/wp\/v2\/pages\/70\/revisions\/348"}],"up":[{"embeddable":true,"href":"https:\/\/atb-heuchelheim.de\/index.php?rest_route=\/wp\/v2\/pages\/45"}],"wp:attachment":[{"href":"https:\/\/atb-heuchelheim.de\/index.php?rest_route=%2Fwp%2Fv2%2Fmedia&parent=70"}],"curies":[{"name":"wp","href":"https:\/\/api.w.org\/{rel}","templated":true}]}}