{"id":290,"date":"2021-08-05T11:52:33","date_gmt":"2021-08-05T11:52:33","guid":{"rendered":"http:\/\/atb-heuchelheim.de\/?page_id=290"},"modified":"2021-08-05T14:45:20","modified_gmt":"2021-08-05T14:45:20","slug":"titelliste","status":"publish","type":"page","link":"https:\/\/atb-heuchelheim.de\/?page_id=290","title":{"rendered":"Titelliste"},"content":{"rendered":"\n<p class=\"has-text-align-center has-medium-font-size\">Hier findet Ihr einen Ausschnitt aus unserem vielf\u00e4ltigen Repertoire, das wir st\u00e4ndig erweitern und anpassen.<\/p>\n\n\n<style>.wp-block-kadence-spacer.kt-block-spacer-_aa56de-80 .kt-block-spacer{height:30px;}.wp-block-kadence-spacer.kt-block-spacer-_aa56de-80 .kt-divider{border-top-width:1px;height:1px;border-top-color:#eee;width:80%;border-top-style:solid;}<\/style>\n<div class=\"wp-block-kadence-spacer aligncenter kt-block-spacer-_aa56de-80\"><div class=\"kt-block-spacer kt-block-spacer-halign-center\" style=\"height:30px\"><\/div><\/div>\n\n\n<style>.wp-block-kadence-column.kb-section-dir-horizontal > .kt-inside-inner-col > #kt-info-box_1a476b-bb .kt-blocks-info-box-link-wrap{max-width:unset;}#kt-info-box_1a476b-bb .kt-blocks-info-box-link-wrap{border-color:#050255;border-top-width:0px;border-right-width:0px;border-bottom-width:0px;border-left-width:0px;padding-top:20px;padding-right:20px;padding-bottom:20px;padding-left:20px;}#kt-info-box_1a476b-bb.wp-block-kadence-infobox{max-width:100%;}#kt-info-box_1a476b-bb .kadence-info-box-image-inner-intrisic-container{max-width:209px;}#kt-info-box_1a476b-bb .kadence-info-box-image-inner-intrisic-container .kadence-info-box-image-intrisic{padding-bottom:100%;width:173px;height:0px;max-width:100%;}#kt-info-box_1a476b-bb .kadence-info-box-icon-container .kt-info-svg-icon, #kt-info-box_1a476b-bb .kt-info-svg-icon-flip, #kt-info-box_1a476b-bb .kt-blocks-info-box-number{font-size:50px;}#kt-info-box_1a476b-bb .kt-blocks-info-box-media{color:#444444;border-top-width:0px;border-right-width:0px;border-bottom-width:0px;border-left-width:0px;padding-top:10px;padding-right:10px;padding-bottom:10px;padding-left:10px;}#kt-info-box_1a476b-bb .kt-blocks-info-box-media-container{margin-top:0px;margin-right:15px;margin-bottom:0px;margin-left:15px;}#kt-info-box_1a476b-bb .kt-blocks-info-box-link-wrap:hover .kt-blocks-info-box-media{color:#444444;}#kt-info-box_1a476b-bb .kt-infobox-textcontent h2.kt-blocks-info-box-title{color:#050255;padding-top:0px;padding-right:0px;padding-bottom:0px;padding-left:0px;margin-top:5px;margin-right:0px;margin-bottom:10px;margin-left:0px;}.wp-block-kadence-infobox#kt-info-box_1a476b-bb .kt-blocks-info-box-text{font-size:20px;}#kt-info-box_1a476b-bb .kt-blocks-info-box-learnmore{background:transparent;border-color:#555555;border-width:0px 0px 0px 0px;padding-top:4px;padding-right:8px;padding-bottom:4px;padding-left:8px;margin-top:10px;margin-right:0px;margin-bottom:10px;margin-left:0px;}#kt-info-box_1a476b-bb .kt-blocks-info-box-link-wrap:hover .kt-blocks-info-box-learnmore,#kt-info-box_1a476b-bb .kt-blocks-info-box-link-wrap .kt-blocks-info-box-learnmore:focus{color:#ffffff;background:#444444;border-color:#444444;}<\/style>\n<div id=\"kt-info-box_1a476b-bb\" class=\"wp-block-kadence-infobox\"><a class=\"kt-blocks-info-box-link-wrap info-box-link kt-blocks-info-box-media-align-top kt-info-halign-center\" href=\"https:\/\/atb-heuchelheim.de\/?page_id=247&amp;preview=true\"><div class=\"kt-blocks-info-box-media-container\"><div class=\"kt-blocks-info-box-media kt-info-media-animate-none\"><div class=\"kadence-info-box-image-inner-intrisic-container\"><div class=\"kadence-info-box-image-intrisic kt-info-animate-none\"><div class=\"kadence-info-box-image-inner-intrisic\"><img loading=\"lazy\" decoding=\"async\" src=\"https:\/\/atb-heuchelheim.de\/wp-content\/uploads\/2021\/08\/wp11e1e05b_06.png\" alt=\"\" width=\"173\" height=\"173\" class=\"kt-info-box-image wp-image-291\" srcset=\"https:\/\/atb-heuchelheim.de\/wp-content\/uploads\/2021\/08\/wp11e1e05b_06.png 173w, https:\/\/atb-heuchelheim.de\/wp-content\/uploads\/2021\/08\/wp11e1e05b_06-150x150.png 150w\" sizes=\"auto, (max-width: 173px) 100vw, 173px\" \/><\/div><\/div><\/div><\/div><\/div><div class=\"kt-infobox-textcontent\"><h2 class=\"kt-blocks-info-box-title\"> Demo-CD <\/h2><p class=\"kt-blocks-info-box-text\"> F\u00fcr interessierte Veranstalter haben wir eine Demo-CD mit einem Auszug aus unserem Programm. Diese k\u00f6nnt Ihr per Mail oder Telefon anfordern. <\/p><\/div><\/a><\/div>\n\n\n<style>.wp-block-kadence-spacer.kt-block-spacer-_dcf604-c8 .kt-block-spacer{height:60px;}.wp-block-kadence-spacer.kt-block-spacer-_dcf604-c8 .kt-divider{border-top-width:1px;height:1px;border-top-color:#eee;width:80%;border-top-style:solid;}<\/style>\n<div class=\"wp-block-kadence-spacer aligncenter kt-block-spacer-_dcf604-c8\"><div class=\"kt-block-spacer kt-block-spacer-halign-center\" style=\"height:60px\"><\/div><\/div>\n\n\n\n<figure class=\"wp-block-table is-style-stripes\"><table><tbody><tr><td><strong>Titel<\/strong><\/td><td><strong>Interpret<\/strong><\/td><td><strong>gesungen von<\/strong><\/td><\/tr><tr><td>1973<\/td><td>James Blunt<\/td><td>Steffen<\/td><\/tr><tr><td>1000 mal ber\u00fchrt<\/td><td>Klaus Lage<\/td><td>Elwe<\/td><\/tr><tr><td>1000 Tr\u00e4ume weit<\/td><td>Tornero<\/td><td>Elwe<\/td><\/tr><tr><td>An Tagen wie diesen<\/td><td>Die Toten Hosen<\/td><td>Elwe<\/td><\/tr><tr><td>Atemlos<\/td><td>Helene Fischer<\/td><td>&nbsp;<\/td><\/tr><tr><td>Amarillo<\/td><td>Tony Christie<\/td><td>Rafael &amp; Elwe<\/td><\/tr><tr><td>Auf ihr Brieder in die Palz<\/td><td>Die Schobbehauer<\/td><td>Elwe<\/td><\/tr><tr><td>Ballermann Medley<\/td><td>Diverse<\/td><td>Elwe<\/td><\/tr><tr><td>Bed of Roses<\/td><td>Bon Jovi<\/td><td>Steffen<\/td><\/tr><tr><td>Bilder von dir<\/td><td>Laith Al-Deen<\/td><td>Rafael<\/td><\/tr><tr><td>Bonfire Heart<\/td><td>James Blunt<\/td><td>Steffen<\/td><\/tr><tr><td>Bobby Brown<\/td><td>Frank Zappa<\/td><td>Rafael<\/td><\/tr><tr><td>I feel like Buddy Holly<\/td><td>Alvin Stardust<\/td><td>Elwe<\/td><\/tr><tr><td>Catch my fall<\/td><td>Billy Idol<\/td><td>Andreas<\/td><\/tr><tr><td>Cotton fields<\/td><td>CCR<\/td><td>Elwe<\/td><\/tr><tr><td>Dancing in the moonlight<\/td><td>Toploader<\/td><td>Rafael<\/td><\/tr><tr><td>Dear future husband<\/td><td>Meghan Trainor<\/td><td>Chris<\/td><\/tr><tr><td>Dein Ding<\/td><td>Udo Lindenberg<\/td><td>Andreas<\/td><\/tr><tr><td>Die Lewwerworschd<\/td><td>Anonyme Giddarischde<\/td><td>Steffen &amp; Elwe<\/td><\/tr><tr><td>Don\u2019t you (forget about me)<\/td><td>Simple Minds<\/td><td>Rafael &amp; Elwe<\/td><\/tr><tr><td>Ein Bett im Kornfeld<\/td><td>J\u00fcrgen Drews<\/td><td>Elwe<\/td><\/tr><tr><td>Ein graues Haar<\/td><td>PUR<\/td><td>Andreas &amp; Elwe<\/td><\/tr><tr><td>Ein Lied kann eine Br\u00fccke sein<\/td><td>Joy Fleming<\/td><td>Rafael<\/td><\/tr><tr><td>Elwe Rock<\/td><td>&nbsp;<\/td><td>Elwe<\/td><\/tr><tr><td>Ein Stern<\/td><td>DJ \u00d6tzi<\/td><td>Andreas &amp; Elwe<\/td><\/tr><tr><td>Fliegerlied<\/td><td>Markus Becker<\/td><td>Elwe<\/td><\/tr><tr><td>Follow me<\/td><td>Uncle Cracker<\/td><td>Rafael<\/td><\/tr><tr><td>Hey Baby<\/td><td>DJ \u00d6tzi<\/td><td>Elwe<\/td><\/tr><tr><td>Hero&nbsp;<\/td><td>Family of the year<\/td><td>Michael<\/td><\/tr><tr><td>H\u00f6hner Medley<\/td><td>H\u00f6hner<\/td><td>Elwe<\/td><\/tr><tr><td>Hubert Kah Medley<\/td><td>Hubert Kah<\/td><td>Steffen &amp; Elwe<\/td><\/tr><tr><td>Hulapalu&nbsp;<\/td><td>Andreas Gabalier<\/td><td>Steffen &amp; Elwe<\/td><\/tr><tr><td>I sing a Liad f\u00fcr di<\/td><td>Andreas Gabalier<\/td><td>Steffen &amp; Elwe<\/td><\/tr><tr><td>Ich bau dir ein Schloss<\/td><td>J\u00fcrgen Drews<\/td><td>Steffen &amp; Elwe<\/td><\/tr><tr><td>Ich war noch niemals in New York (Hitmix)<\/td><td>Udo J\u00fcrgens<\/td><td>Steffen &amp; Elwe<\/td><\/tr><tr><td>In the Ghetto<\/td><td>Elvis Presley<\/td><td>Andreas<\/td><\/tr><tr><td>It\u2019s so easy<\/td><td>Linda Ronstadt<\/td><td>Marion<\/td><\/tr><tr><td>Jolene<\/td><td>Boss Hoss feat. The Common Linnets<\/td><td>Marion &amp; Steffen<\/td><\/tr><tr><td>Knocking on heavens door<\/td><td>Guns n&#8217;Roses<\/td><td>Steffen &amp; Elwe<\/td><\/tr><tr><td>Lena<\/td><td>PUR<\/td><td>Steffen &amp; Elwe<\/td><\/tr><tr><td>Let her cry<\/td><td>Hootie and the blowfish<\/td><td>Steffen<\/td><\/tr><tr><td>Let her go<\/td><td>Passenger<\/td><td>Steffen<\/td><\/tr><tr><td>Macho Macho<\/td><td>Rainhard Fendrich<\/td><td>Andreas<\/td><\/tr><tr><td>Mama Mia<\/td><td>ABBA<\/td><td>Elwe<\/td><\/tr><tr><td>Mama Loo<\/td><td>Les Humphries<\/td><td>Elwe<\/td><\/tr><tr><td>70er Schlager Medley<\/td><td>Diverse<\/td><td>Elwe<\/td><\/tr><tr><td>Millionen Lichter<\/td><td>Christina St\u00fcrmer<\/td><td>Chris<\/td><\/tr><tr><td>Mir P\u00e4lzer, mir sin spitze<\/td><td>&nbsp;<\/td><td>Elwe<\/td><\/tr><tr><td>Nanana hey hey hey goodbye (Partymix)<\/td><td>Steam<\/td><td>Elwe<\/td><\/tr><tr><td>Narcotic<\/td><td>Liquido<\/td><td>Michael<\/td><\/tr><tr><td>No no never<\/td><td>Texas Lightning<\/td><td>Chris<\/td><\/tr><tr><td>Oldie Medley<\/td><td>Diverse<\/td><td>Elwe<\/td><\/tr><tr><td>Queen of hearts<\/td><td>Juice Newton<\/td><td>Marion<\/td><\/tr><tr><td>P\u00e4lzer Woi<\/td><td>Melodie: Kid Rock<\/td><td>Elwe<\/td><\/tr><tr><td>Palzlied&nbsp;<\/td><td>Anonyme Giddarischde<\/td><td>Elwe<\/td><\/tr><tr><td>Purple Rain<\/td><td>Prince<\/td><td>Rafael<\/td><\/tr><tr><td>Ring of fire<\/td><td>Johnny Cash<\/td><td>Elwe<\/td><\/tr><tr><td>Rose Garden<\/td><td>Lynn Anderson<\/td><td>Marion<\/td><\/tr><tr><td>Rock mi<\/td><td>voXXclub<\/td><td>Elwe<\/td><\/tr><tr><td>Rocking all over the world<\/td><td>Status Quo<\/td><td>Elwe<\/td><\/tr><tr><td>Schenk mir dein Herz<\/td><td>H\u00f6hner<\/td><td>Elwe<\/td><\/tr><tr><td>Se bastasse una bella canzone<\/td><td>Eros Ramazotti<\/td><td>Steffen<\/td><\/tr><tr><td>Sex Bomb<\/td><td>Tom Jones<\/td><td>Rafael<\/td><\/tr><tr><td>September<\/td><td>Earth,Wind &amp; Fire<\/td><td>Elwe<\/td><\/tr><tr><td>Spider Murphy Medley<\/td><td>Spider Murphy Gang<\/td><td>Elwe<\/td><\/tr><tr><td>Sweet Caroline<\/td><td>DJ \u00d6tzi<\/td><td>Michael<\/td><\/tr><tr><td>The Chamber<\/td><td>Lenny Kravitz<\/td><td>Steffen<\/td><\/tr><tr><td>Tiger<\/td><td>Peter Kraus<\/td><td>Elwe<\/td><\/tr><tr><td>Twist Medley<\/td><td>Diverse<\/td><td>Elwe<\/td><\/tr><tr><td>\u00dcber den Wolken<\/td><td>Dieter Thomas Kuhn<\/td><td>Elwe<\/td><\/tr><tr><td>Udo J\u00fcrgens Medley<\/td><td>Udo J\u00fcrgens<\/td><td>Elwe<\/td><\/tr><tr><td>Westerland<\/td><td>Die \u00c4rzte<\/td><td>Elwe<\/td><\/tr><tr><td>Willenlos<\/td><td>Westernhagen<\/td><td>Elwe<\/td><\/tr><tr><td>YMCA<\/td><td>Village People<\/td><td>Elwe<\/td><\/tr><tr><td>You can\u2019t hurry love<\/td><td>Phil Collins<\/td><td>Michael<\/td><\/tr><tr><td>Warum hast du nicht nein gesagt<\/td><td>Roland Kaiser, Maite Kelly<\/td><td>Marion &amp; Rafael<\/td><\/tr><tr><td>We are the world<\/td><td>USA for Africa<\/td><td>Elwe<\/td><\/tr><tr><td>Weck, Worschd un P\u00e4lzer Woi<\/td><td>Elwetritsche<\/td><td>Das erste eigene Lied!<\/td><\/tr><\/tbody><\/table><\/figure>\n\n\n\n<div class=\"wp-block-columns is-layout-flex wp-container-core-columns-is-layout-9d6595d7 wp-block-columns-is-layout-flex\">\n<div class=\"wp-block-column is-layout-flow wp-block-column-is-layout-flow\" style=\"flex-basis:100%\"><\/div>\n<\/div>\n\n\n\n<p><\/p>\n","protected":false},"excerpt":{"rendered":"<p>Hier findet Ihr einen Ausschnitt aus unserem vielf\u00e4ltigen Repertoire, das wir st\u00e4ndig erweitern und anpassen. Titel Interpret gesungen von 1973 James Blunt Steffen 1000 mal ber\u00fchrt Klaus Lage Elwe 1000 Tr\u00e4ume weit Tornero Elwe An Tagen wie diesen Die Toten Hosen Elwe Atemlos Helene Fischer &nbsp; Amarillo Tony Christie Rafael &amp; Elwe Auf ihr Brieder&#8230;<\/p>\n","protected":false},"author":1,"featured_media":0,"parent":70,"menu_order":0,"comment_status":"closed","ping_status":"closed","template":"templates\/full-width.php","meta":{"ngg_post_thumbnail":0,"footnotes":""},"class_list":["post-290","page","type-page","status-publish","hentry"],"_links":{"self":[{"href":"https:\/\/atb-heuchelheim.de\/index.php?rest_route=\/wp\/v2\/pages\/290","targetHints":{"allow":["GET"]}}],"collection":[{"href":"https:\/\/atb-heuchelheim.de\/index.php?rest_route=\/wp\/v2\/pages"}],"about":[{"href":"https:\/\/atb-heuchelheim.de\/index.php?rest_route=\/wp\/v2\/types\/page"}],"author":[{"embeddable":true,"href":"https:\/\/atb-heuchelheim.de\/index.php?rest_route=\/wp\/v2\/users\/1"}],"replies":[{"embeddable":true,"href":"https:\/\/atb-heuchelheim.de\/index.php?rest_route=%2Fwp%2Fv2%2Fcomments&post=290"}],"version-history":[{"count":11,"href":"https:\/\/atb-heuchelheim.de\/index.php?rest_route=\/wp\/v2\/pages\/290\/revisions"}],"predecessor-version":[{"id":302,"href":"https:\/\/atb-heuchelheim.de\/index.php?rest_route=\/wp\/v2\/pages\/290\/revisions\/302"}],"up":[{"embeddable":true,"href":"https:\/\/atb-heuchelheim.de\/index.php?rest_route=\/wp\/v2\/pages\/70"}],"wp:attachment":[{"href":"https:\/\/atb-heuchelheim.de\/index.php?rest_route=%2Fwp%2Fv2%2Fmedia&parent=290"}],"curies":[{"name":"wp","href":"https:\/\/api.w.org\/{rel}","templated":true}]}}