{"id":159,"date":"2021-04-25T13:04:48","date_gmt":"2021-04-25T13:04:48","guid":{"rendered":"http:\/\/s522784910.online.de\/?page_id=159"},"modified":"2023-08-01T18:33:33","modified_gmt":"2023-08-01T18:33:33","slug":"sportstaetten","status":"publish","type":"page","link":"https:\/\/atb-heuchelheim.de\/?page_id=159","title":{"rendered":"Sportst\u00e4tten"},"content":{"rendered":"\n<p>Unsere Sport- und Freizeitgruppen sowie unsere Veranstaltungen finden an unterschiedlichen Orten statt. Hier finden Sie die Adressen unserer Trainingsst\u00e4tten.<\/p>\n\n\n\n<figure class=\"wp-block-table is-style-regular\">\n<table class=\"has-subtle-pale-blue-background-color has-background\" style=\"width: 100%; height: 95px;\">\n<tbody>\n<tr style=\"height: 37px;\">\n<td style=\"height: 37px; width: 99.8667%;\" colspan=\"2\"><strong>ATB Vereinsgel\u00e4nde (Sportplatz und Vereinsheim)<\/strong><\/td>\n<\/tr>\n<tr style=\"height: 58px;\">\n<td style=\"height: 58px; width: 12%;\">Adresse:<\/td>\n<td style=\"height: 58px; width: 87.8667%;\">Am Sportplatz<br>67259 Heuchelheim<\/td>\n<\/tr>\n<\/tbody>\n<\/table>\n<\/figure>\n\n\n\n<div class=\"wp-block-kadence-spacer aligncenter kt-block-spacer-_0d4662-b3\">\n<div class=\"kt-block-spacer kt-block-spacer-halign-center\" style=\"height: 60px;\"><hr class=\"kt-divider\" style=\"border-top-color: rgba(5, 2, 85, 1); border-top-width: 1px; width: 100%; border-top-style: solid;\"><\/div>\n<\/div>\n\n\n\n<figure class=\"wp-block-table\">\n<table class=\"has-subtle-pale-blue-background-color has-background\" style=\"width: 100%;\">\n<tbody>\n<tr>\n<td style=\"width: 99.8667%;\" colspan=\"2\"><strong>Mehrzweckhalle im B\u00fcrgerhaus Heuchelheim<\/strong><\/td>\n<\/tr>\n<tr>\n<td style=\"width: 12%;\">Adresse<\/td>\n<td style=\"width: 87.8667%;\">Heppenheimer Str. 3<br>67259 Heuchelheim<\/td>\n<\/tr>\n<\/tbody>\n<\/table>\n<\/figure>\n\n\n\n<p><\/p>\n","protected":false},"excerpt":{"rendered":"<p>Unsere Sport- und Freizeitgruppen sowie unsere Veranstaltungen finden an unterschiedlichen Orten statt. Hier finden Sie die Adressen unserer Trainingsst\u00e4tten. ATB Vereinsgel\u00e4nde (Sportplatz und Vereinsheim) Adresse: Am Sportplatz67259 Heuchelheim Mehrzweckhalle im B\u00fcrgerhaus Heuchelheim Adresse Heppenheimer Str. 367259 Heuchelheim<\/p>\n","protected":false},"author":1,"featured_media":0,"parent":79,"menu_order":2,"comment_status":"closed","ping_status":"closed","template":"templates\/full-width.php","meta":{"ngg_post_thumbnail":0,"footnotes":""},"class_list":["post-159","page","type-page","status-publish","hentry"],"_links":{"self":[{"href":"https:\/\/atb-heuchelheim.de\/index.php?rest_route=\/wp\/v2\/pages\/159","targetHints":{"allow":["GET"]}}],"collection":[{"href":"https:\/\/atb-heuchelheim.de\/index.php?rest_route=\/wp\/v2\/pages"}],"about":[{"href":"https:\/\/atb-heuchelheim.de\/index.php?rest_route=\/wp\/v2\/types\/page"}],"author":[{"embeddable":true,"href":"https:\/\/atb-heuchelheim.de\/index.php?rest_route=\/wp\/v2\/users\/1"}],"replies":[{"embeddable":true,"href":"https:\/\/atb-heuchelheim.de\/index.php?rest_route=%2Fwp%2Fv2%2Fcomments&post=159"}],"version-history":[{"count":4,"href":"https:\/\/atb-heuchelheim.de\/index.php?rest_route=\/wp\/v2\/pages\/159\/revisions"}],"predecessor-version":[{"id":401,"href":"https:\/\/atb-heuchelheim.de\/index.php?rest_route=\/wp\/v2\/pages\/159\/revisions\/401"}],"up":[{"embeddable":true,"href":"https:\/\/atb-heuchelheim.de\/index.php?rest_route=\/wp\/v2\/pages\/79"}],"wp:attachment":[{"href":"https:\/\/atb-heuchelheim.de\/index.php?rest_route=%2Fwp%2Fv2%2Fmedia&parent=159"}],"curies":[{"name":"wp","href":"https:\/\/api.w.org\/{rel}","templated":true}]}}