{"id":114,"date":"2021-04-25T11:02:33","date_gmt":"2021-04-25T11:02:33","guid":{"rendered":"http:\/\/s522784910.online.de\/?page_id=114"},"modified":"2021-04-25T11:06:27","modified_gmt":"2021-04-25T11:06:27","slug":"sportabzeichen","status":"publish","type":"page","link":"https:\/\/atb-heuchelheim.de\/?page_id=114","title":{"rendered":"Sportabzeichen"},"content":{"rendered":"\n<h2 class=\"has-text-color wp-block-heading\" style=\"color:#050255\">Trainingszeiten<\/h2>\n\n\n\n<figure class=\"wp-block-table is-style-stripes\"><table><tbody><tr><td>Ort<\/td><td>Sportplatz, ATB Vereinsgel\u00e4nde<\/td><\/tr><tr><td>Wochentag<\/td><td>Donnerstag (nur Mai-Oktober)<\/td><\/tr><tr><td>Uhrzeit<\/td><td>18:00-19:30 Uhr<\/td><\/tr><tr><td>Abteilungsleitung<\/td><td>Thomas Kehl<\/td><\/tr><tr><td>Kontakt<\/td><td>06238 2166<\/td><\/tr><\/tbody><\/table><\/figure>\n\n\n\n<p>Am 1. Samstag im Mai er\u00f6ffnen wir traditionell mit einem Sportabzeichentag auf unserem Sportplatz die neue Sportabzeichensaison. Ab dann treffen wir uns jeden Donnerstag zum Training und zur Abnahme der leichtathletischen Disziplinen mit dem Ziel, das Sportabzeichen bestm\u00f6glich zu erreichen. Nat\u00fcrlich k\u00f6nne ge\u00fcbte Sportler direkt zur Abnahme kommen. Radfahren kann in dieser Zeit ebenfalls abgenommen werden. Schwimmen kann selbstst\u00e4ndig in jedem Schwimmbad abgenommen und bescheinigt werden, unsere gemeinsamen Termine werden im Amtsblatt ver\u00f6ffentlicht.<\/p>\n\n\n\n<p>Weitere Infos zum Sportabzeichen finden Sie auf der Website des Deutschen Olympischen Sportbundes:<\/p>\n\n\n\n<div class=\"wp-block-buttons is-layout-flex wp-block-buttons-is-layout-flex\">\n<div class=\"wp-block-button\"><a class=\"wp-block-button__link has-background\" href=\"https:\/\/www.deutsches-sportabzeichen.de\/\" style=\"background-color:#050255\" target=\"_blank\" rel=\"noreferrer noopener\">Website Deutsches Sportabzeichen<\/a><\/div>\n<\/div>\n\n\n<style>.wp-block-kadence-spacer.kt-block-spacer-_77ff4f-39 .kt-block-spacer{height:30px;}.wp-block-kadence-spacer.kt-block-spacer-_77ff4f-39 .kt-divider{border-top-width:1px;height:1px;border-top-color:#eee;width:80%;border-top-style:solid;}<\/style>\n<div class=\"wp-block-kadence-spacer aligncenter kt-block-spacer-_77ff4f-39\"><div class=\"kt-block-spacer kt-block-spacer-halign-center\" style=\"height:30px\"><\/div><\/div>\n\n\n\n<h2 class=\"has-text-color wp-block-heading\" style=\"color:#050255\">Statistik<\/h2>\n\n\n\n<figure class=\"wp-block-table is-style-regular\"><table class=\"has-subtle-pale-blue-background-color has-background\"><tbody><tr><td>2015<\/td><td>69 Sportabzeichen<\/td><\/tr><tr><td>2014<\/td><td>66 Sportabzeichen<\/td><\/tr><tr><td>2013<\/td><td>65 Sportabzeichen (2. Platz im Vereinswettbewerb des Sportbundes)<\/td><\/tr><tr><td>2012<\/td><td>59 Sportabzeichen<\/td><\/tr><tr><td>2011<\/td><td>54 Sportabzeichen<\/td><\/tr><\/tbody><\/table><\/figure>\n","protected":false},"excerpt":{"rendered":"<p>Trainingszeiten Ort Sportplatz, ATB Vereinsgel\u00e4nde Wochentag Donnerstag (nur Mai-Oktober) Uhrzeit 18:00-19:30 Uhr Abteilungsleitung Thomas Kehl Kontakt 06238 2166 Am 1. Samstag im Mai er\u00f6ffnen wir traditionell mit einem Sportabzeichentag auf unserem Sportplatz die neue Sportabzeichensaison. Ab dann treffen wir uns jeden Donnerstag zum Training und zur Abnahme der leichtathletischen Disziplinen mit dem Ziel, das Sportabzeichen&#8230;<\/p>\n","protected":false},"author":1,"featured_media":0,"parent":110,"menu_order":1,"comment_status":"closed","ping_status":"closed","template":"templates\/full-width.php","meta":{"ngg_post_thumbnail":0,"footnotes":""},"class_list":["post-114","page","type-page","status-publish","hentry"],"_links":{"self":[{"href":"https:\/\/atb-heuchelheim.de\/index.php?rest_route=\/wp\/v2\/pages\/114","targetHints":{"allow":["GET"]}}],"collection":[{"href":"https:\/\/atb-heuchelheim.de\/index.php?rest_route=\/wp\/v2\/pages"}],"about":[{"href":"https:\/\/atb-heuchelheim.de\/index.php?rest_route=\/wp\/v2\/types\/page"}],"author":[{"embeddable":true,"href":"https:\/\/atb-heuchelheim.de\/index.php?rest_route=\/wp\/v2\/users\/1"}],"replies":[{"embeddable":true,"href":"https:\/\/atb-heuchelheim.de\/index.php?rest_route=%2Fwp%2Fv2%2Fcomments&post=114"}],"version-history":[{"count":4,"href":"https:\/\/atb-heuchelheim.de\/index.php?rest_route=\/wp\/v2\/pages\/114\/revisions"}],"predecessor-version":[{"id":119,"href":"https:\/\/atb-heuchelheim.de\/index.php?rest_route=\/wp\/v2\/pages\/114\/revisions\/119"}],"up":[{"embeddable":true,"href":"https:\/\/atb-heuchelheim.de\/index.php?rest_route=\/wp\/v2\/pages\/110"}],"wp:attachment":[{"href":"https:\/\/atb-heuchelheim.de\/index.php?rest_route=%2Fwp%2Fv2%2Fmedia&parent=114"}],"curies":[{"name":"wp","href":"https:\/\/api.w.org\/{rel}","templated":true}]}}