{"id":106,"date":"2021-04-25T10:31:41","date_gmt":"2021-04-25T10:31:41","guid":{"rendered":"http:\/\/s522784910.online.de\/?page_id=106"},"modified":"2023-08-26T21:22:05","modified_gmt":"2023-08-26T21:22:05","slug":"herren-fitness","status":"publish","type":"page","link":"https:\/\/atb-heuchelheim.de\/?page_id=106","title":{"rendered":"Herren-Fitness"},"content":{"rendered":"\n<h2 class=\"wp-block-heading has-text-color\" style=\"color:#050255\">Trainingszeiten<\/h2>\n\n\n\n<figure class=\"wp-block-table is-style-stripes\"><table><tbody><tr><td>Ort<\/td><td>Mehrzweckhalle, B\u00fcrgerhaus Heuchelheim<\/td><\/tr><tr><td>Wochentag<\/td><td>Donnerstag<\/td><\/tr><tr><td>Uhrzeit<\/td><td>19:00-20:00 Uhr<\/td><\/tr><tr><td>Abteilungsleitung<\/td><td>Dieter Schenkel<\/td><\/tr><tr><td>Kontakt<\/td><td>Tel.: 01575 9296819<\/td><\/tr><\/tbody><\/table><\/figure>\n\n\n\n<p>Die Truppe will durch einfache \u00dcbungen und regelm\u00e4\u00dfiges Training einfach nur &#8220;in Bewegung bleiben&#8221; und etwas f\u00fcr die Gesundheit tun.<\/p>\n","protected":false},"excerpt":{"rendered":"<p>Trainingszeiten Ort Mehrzweckhalle, B\u00fcrgerhaus Heuchelheim Wochentag Donnerstag Uhrzeit 19:00-20:00 Uhr Abteilungsleitung Dieter Schenkel Kontakt Tel.: 01575 9296819 Die Truppe will durch einfache \u00dcbungen und regelm\u00e4\u00dfiges Training einfach nur &#8220;in Bewegung bleiben&#8221; und etwas f\u00fcr die Gesundheit tun.<\/p>\n","protected":false},"author":1,"featured_media":0,"parent":57,"menu_order":1,"comment_status":"closed","ping_status":"closed","template":"templates\/full-width.php","meta":{"ngg_post_thumbnail":0,"footnotes":""},"class_list":["post-106","page","type-page","status-publish","hentry"],"_links":{"self":[{"href":"https:\/\/atb-heuchelheim.de\/index.php?rest_route=\/wp\/v2\/pages\/106","targetHints":{"allow":["GET"]}}],"collection":[{"href":"https:\/\/atb-heuchelheim.de\/index.php?rest_route=\/wp\/v2\/pages"}],"about":[{"href":"https:\/\/atb-heuchelheim.de\/index.php?rest_route=\/wp\/v2\/types\/page"}],"author":[{"embeddable":true,"href":"https:\/\/atb-heuchelheim.de\/index.php?rest_route=\/wp\/v2\/users\/1"}],"replies":[{"embeddable":true,"href":"https:\/\/atb-heuchelheim.de\/index.php?rest_route=%2Fwp%2Fv2%2Fcomments&post=106"}],"version-history":[{"count":2,"href":"https:\/\/atb-heuchelheim.de\/index.php?rest_route=\/wp\/v2\/pages\/106\/revisions"}],"predecessor-version":[{"id":417,"href":"https:\/\/atb-heuchelheim.de\/index.php?rest_route=\/wp\/v2\/pages\/106\/revisions\/417"}],"up":[{"embeddable":true,"href":"https:\/\/atb-heuchelheim.de\/index.php?rest_route=\/wp\/v2\/pages\/57"}],"wp:attachment":[{"href":"https:\/\/atb-heuchelheim.de\/index.php?rest_route=%2Fwp%2Fv2%2Fmedia&parent=106"}],"curies":[{"name":"wp","href":"https:\/\/api.w.org\/{rel}","templated":true}]}}